{"id":22701,"date":"2025-04-07T08:56:25","date_gmt":"2025-04-07T07:56:25","guid":{"rendered":"https:\/\/rosoft.si\/?page_id=22701"},"modified":"2025-04-07T08:56:28","modified_gmt":"2025-04-07T07:56:28","slug":"poslovna-analitika-power-bi","status":"publish","type":"page","link":"https:\/\/rosoft.si\/index.php\/storitve\/poslovna-analitika-power-bi\/","title":{"rendered":"Poslovna analitika Power BI"},"content":{"rendered":"\t\t<div data-elementor-type=\"wp-page\" data-elementor-id=\"22701\" class=\"elementor elementor-22701\">\n\t\t\t\t\t\t<section class=\"elementor-section elementor-top-section elementor-element elementor-element-378e9bd5 elementor-section-content-middle elementor-section-boxed elementor-section-height-default elementor-section-height-default\" data-id=\"378e9bd5\" data-element_type=\"section\" data-e-type=\"section\">\n\t\t\t\t\t\t<div class=\"elementor-container elementor-column-gap-narrow\">\n\t\t\t\t\t<div class=\"elementor-column elementor-col-100 elementor-top-column elementor-element elementor-element-4865cf78\" data-id=\"4865cf78\" data-element_type=\"column\" data-e-type=\"column\">\n\t\t\t<div class=\"elementor-widget-wrap elementor-element-populated\">\n\t\t\t\t\t\t<div class=\"elementor-element elementor-element-3b2bca18 elementor-widget elementor-widget-rs-heading\" data-id=\"3b2bca18\" data-element_type=\"widget\" data-e-type=\"widget\" data-widget_type=\"rs-heading.default\">\n\t\t\t\t<div class=\"elementor-widget-container\">\n\t\t\t\t\t        <div class=\"rs-heading style14  \">\r\n        \t<div class=\"title-inner\">        \t\t      \t\t\r\n\t            <h2 class=\"title\"><span class=\"watermark\"><\/span>Power BI: Poslovna analitika in vizualizacija podatkov<\/h2>\t\t\t\t\t\t\t\t\t<div class=\"heading-line\"><\/div>\r\n\t\t\t\t\t        <\/div>\r\n\t                    \t<div class=\"description\">\r\n            \t\t<p>Poslovna analitika je klju\u010dna za uspe\u0161no poslovanje podjetja. Z orodjem Power BI vam pomagamo spremeniti podatke v dragocene informacije, ki so potrebne za sprejemanje poslovnih odlo\u010ditev.<\/p>            \t\t\r\n            \t<\/div>\r\n        \t        <\/div>\r\n\r\n        \t\t\t\t<\/div>\n\t\t\t\t<\/div>\n\t\t\t\t<div class=\"elementor-element elementor-element-435e3c7 elementor-widget elementor-widget-text-editor\" data-id=\"435e3c7\" data-element_type=\"widget\" data-e-type=\"widget\" data-widget_type=\"text-editor.default\">\n\t\t\t\t<div class=\"elementor-widget-container\">\n\t\t\t\t\t\t\t\t\t<p><span style=\"color: #000000;\">Zakaj izbrati Power BI?<\/span><\/p><ul><li><p><span style=\"color: #000000;\"><strong>Pametne vizualizacije<\/strong>: Power BI omogo\u010da ustvarjanje pametnih vizualizacij, ki uporabnikom pomagajo hitro razumeti kompleksne podatke. Z uporabo naprednih grafikonov, diagramov in interaktivnih poro\u010dil lahko uporabniki enostavno prepoznajo vzorce, trende in odstopanja. Poleg tega Power BI omogo\u010da prilagajanje vizualizacij glede na specifi\u010dne potrebe.<\/span><\/p><\/li><li><p><span style=\"color: #000000;\"><strong>Povezovanje razli\u010dnih virov<\/strong>: Power BI je eno redkih orodij, s katerim lahko podatke pove\u017eemo iz razli\u010dnih podatkovnih virov. Vseeno je, ali se podatki nahajajo v bazah, excel datotekah ali celo na internetu, s Power BI orodjem jih lahko pripeljemo v poenoten podatkovni model, kar omogo\u010da celostno analizo in preglednost iz ve\u010d razli\u010dnih sistemov hkrati.<\/span><\/p><\/li><li><p><span style=\"color: #000000;\"><strong>Dostopnost<\/strong>: Power BI je zasnovan tako, da omogo\u010da dostop do poro\u010dil prek razli\u010dnih naprav, vklju\u010dno z ra\u010dunalniki, tablicami in pametnimi telefoni. To pomeni, da lahko uporabniki spremljajo klju\u010dne kazalnike uspe\u0161nosti in analizirajo podatke v realnem \u010dasu, tudi ko so na poti. Poleg tega Power BI podpira sodelovanje med \u010dlani ekipe, saj omogo\u010da deljenje poro\u010dil in vpogledov z drugimi uporabniki, kar prispeva k bolj\u0161i komunikaciji in hitrej\u0161emu sprejemanju odlo\u010ditev.<\/span><\/p><\/li><\/ul><h4 style=\"letter-spacing: normal;\"><span style=\"color: #000000;\">Primeri uporabe Power BI<\/span><\/h4><ul><li><span style=\"color: #000000;\"><strong>Finan\u010dna analitika podjetja:\u00a0<\/strong>S Power BI lahko spremljate poslovanje v razli\u010dnih \u010dasovnih obdobjih po dobaviteljih, kupcih, stro\u0161kovnih mestih itd. Poro\u010dila za prikaz denarnih tokov vam omogo\u010dajo pregled nad prilivi in odlivi denarnih sredstev v obdobju, s poro\u010dili o odprtih in zapadlih postavkah pa lahko nadzirate terjatve do kupcev, obveznosti do dobaviteljev, vse\u00a0 prilagojeno na va\u0161e potrebe. Power BI se lahko podatke zajema iz ve\u010dine ERP sistemov, med drugim tudi Pantheon, Vasco, Oppis, Birokrat in drugi.<\/span><\/li><\/ul>\t\t\t\t\t\t\t\t<\/div>\n\t\t\t\t<\/div>\n\t\t\t\t<div class=\"elementor-element elementor-element-f400783 elementor-widget elementor-widget-image\" data-id=\"f400783\" data-element_type=\"widget\" data-e-type=\"widget\" data-widget_type=\"image.default\">\n\t\t\t\t<div class=\"elementor-widget-container\">\n\t\t\t\t\t\t\t\t\t\t\t\t\t\t\t<img fetchpriority=\"high\" decoding=\"async\" width=\"1301\" height=\"728\" src=\"https:\/\/rosoft.si\/wp-content\/uploads\/Prihodki-po-kupcih-1.png\" class=\"attachment-full size-full wp-image-22786\" alt=\"\" srcset=\"https:\/\/rosoft.si\/wp-content\/uploads\/Prihodki-po-kupcih-1.png 1301w, https:\/\/rosoft.si\/wp-content\/uploads\/Prihodki-po-kupcih-1-300x168.png 300w, https:\/\/rosoft.si\/wp-content\/uploads\/Prihodki-po-kupcih-1-1024x573.png 1024w, https:\/\/rosoft.si\/wp-content\/uploads\/Prihodki-po-kupcih-1-768x430.png 768w, https:\/\/rosoft.si\/wp-content\/uploads\/Prihodki-po-kupcih-1-18x10.png 18w\" sizes=\"(max-width: 1301px) 100vw, 1301px\" \/>\t\t\t\t\t\t\t\t\t\t\t\t\t\t\t<\/div>\n\t\t\t\t<\/div>\n\t\t\t\t<div class=\"elementor-element elementor-element-44f9a85 elementor-widget elementor-widget-text-editor\" data-id=\"44f9a85\" data-element_type=\"widget\" data-e-type=\"widget\" data-widget_type=\"text-editor.default\">\n\t\t\t\t<div class=\"elementor-widget-container\">\n\t\t\t\t\t\t\t\t\t<p><strong style=\"color: var( --e-global-color-text ); font-family: var( --e-global-typography-text-font-family ), Sans-serif;\"><span style=\"color: #000000;\">Primer prihodkov po kupcih v Power BI\u00a0<\/span><\/strong><\/p>\t\t\t\t\t\t\t\t<\/div>\n\t\t\t\t<\/div>\n\t\t\t\t<div class=\"elementor-element elementor-element-1223b58 elementor-widget elementor-widget-image\" data-id=\"1223b58\" data-element_type=\"widget\" data-e-type=\"widget\" data-widget_type=\"image.default\">\n\t\t\t\t<div class=\"elementor-widget-container\">\n\t\t\t\t\t\t\t\t\t\t\t\t\t\t\t<img decoding=\"async\" width=\"1311\" height=\"733\" src=\"https:\/\/rosoft.si\/wp-content\/uploads\/Ure-po-izvajalcih.png\" class=\"attachment-full size-full wp-image-22791\" alt=\"\" srcset=\"https:\/\/rosoft.si\/wp-content\/uploads\/Ure-po-izvajalcih.png 1311w, https:\/\/rosoft.si\/wp-content\/uploads\/Ure-po-izvajalcih-300x168.png 300w, https:\/\/rosoft.si\/wp-content\/uploads\/Ure-po-izvajalcih-1024x573.png 1024w, https:\/\/rosoft.si\/wp-content\/uploads\/Ure-po-izvajalcih-768x429.png 768w, https:\/\/rosoft.si\/wp-content\/uploads\/Ure-po-izvajalcih-18x10.png 18w\" sizes=\"(max-width: 1311px) 100vw, 1311px\" \/>\t\t\t\t\t\t\t\t\t\t\t\t\t\t\t<\/div>\n\t\t\t\t<\/div>\n\t\t\t\t<div class=\"elementor-element elementor-element-87e2ead elementor-widget elementor-widget-text-editor\" data-id=\"87e2ead\" data-element_type=\"widget\" data-e-type=\"widget\" data-widget_type=\"text-editor.default\">\n\t\t\t\t<div class=\"elementor-widget-container\">\n\t\t\t\t\t\t\t\t\t<p><strong style=\"font-family: var( --e-global-typography-text-font-family ), Sans-serif; color: #000000;\">Primer ur po izvajalcih v Power BI<\/strong><\/p>\t\t\t\t\t\t\t\t<\/div>\n\t\t\t\t<\/div>\n\t\t\t\t<div class=\"elementor-element elementor-element-0030f74 elementor-widget elementor-widget-image\" data-id=\"0030f74\" data-element_type=\"widget\" data-e-type=\"widget\" data-widget_type=\"image.default\">\n\t\t\t\t<div class=\"elementor-widget-container\">\n\t\t\t\t\t\t\t\t\t\t\t\t\t\t\t<img decoding=\"async\" width=\"1307\" height=\"733\" src=\"https:\/\/rosoft.si\/wp-content\/uploads\/Odprte-postavke.png\" class=\"attachment-full size-full wp-image-22790\" alt=\"\" srcset=\"https:\/\/rosoft.si\/wp-content\/uploads\/Odprte-postavke.png 1307w, https:\/\/rosoft.si\/wp-content\/uploads\/Odprte-postavke-300x168.png 300w, https:\/\/rosoft.si\/wp-content\/uploads\/Odprte-postavke-1024x574.png 1024w, https:\/\/rosoft.si\/wp-content\/uploads\/Odprte-postavke-768x431.png 768w, https:\/\/rosoft.si\/wp-content\/uploads\/Odprte-postavke-18x10.png 18w\" sizes=\"(max-width: 1307px) 100vw, 1307px\" \/>\t\t\t\t\t\t\t\t\t\t\t\t\t\t\t<\/div>\n\t\t\t\t<\/div>\n\t\t\t\t<div class=\"elementor-element elementor-element-9f18404 elementor-widget elementor-widget-text-editor\" data-id=\"9f18404\" data-element_type=\"widget\" data-e-type=\"widget\" data-widget_type=\"text-editor.default\">\n\t\t\t\t<div class=\"elementor-widget-container\">\n\t\t\t\t\t\t\t\t\t<p><strong style=\"color: #000000;\">Primer odprtih postavk v Power BI<\/strong><\/p>\t\t\t\t\t\t\t\t<\/div>\n\t\t\t\t<\/div>\n\t\t\t\t<div class=\"elementor-element elementor-element-7e364241 elementor-widget elementor-widget-text-editor\" data-id=\"7e364241\" data-element_type=\"widget\" data-e-type=\"widget\" data-widget_type=\"text-editor.default\">\n\t\t\t\t<div class=\"elementor-widget-container\">\n\t\t\t\t\t\t\t\t\t<div><span style=\"color: #000000; font-family: Livvic; font-size: 20px; font-weight: bold; letter-spacing: 0px;\">Kako delujemo?<\/span><\/div><p><span style=\"color: #000000;\">V podjetju Rosoft se zavedamo, kako pomembno je imeti dostop do natan\u010dnih in a\u017eurnih podatkov za sprejemanje poslovnih odlo\u010ditev. Zato smo razvili celovit pristop k razvoju Power BI poro\u010dil, ki temelji na naslednjih korakih:<\/span><\/p><p><span style=\"color: #000000;\"><strong>1. Analiza potreb:<\/strong> Najprej se poglobimo v razumevanje specifi\u010dnih potreb in zahtev na\u0161ih strank. Skupaj z njimi dolo\u010dimo klju\u010dne kazalnike\u00a0 in druge pomembne metrike, ki jih \u017eelijo spremljati.<\/span><\/p><p><span style=\"color: #000000;\"><strong>2. Na\u010drtovanje<\/strong>: Na podlagi analize potreb pripravimo podroben na\u010drt razvoja poro\u010dil. V tem koraku dolo\u010dimo strukturo poro\u010dil, vire podatkov in na\u010din vizualizacije.<\/span><\/p><p><span style=\"color: #000000;\"><strong>3. Razvoj<\/strong>: V tej fazi pristopimo k razvoju Power BI poro\u010dil. Uporabljamo najbolj\u0161e prakse in napredne funkcionalnosti Power BI, da zagotovimo, da so poro\u010dila intuitivna, interaktivna in enostavna za uporabo, hkrati pa poskrbimo tudi za nadzor nad vsebino, kjer z zaklepanjem podatkov na novoju uporabni\u0161kih skupin poskrbimo, da vsak uporabnik v poro\u010dilu vidi samo tisto, kar lahko.<\/span><\/p><p><span style=\"color: #000000;\"><strong>4. Testiranje in validacija<\/strong>: Preden poro\u010dila predamo strankam v produkcijsko rabo, jih skupaj s strankami temeljito testiramo in validiramo. Preverimo natan\u010dnost podatkov, delovanje vizualizacij in uporabni\u0161ko izku\u0161njo.<\/span><\/p><p><span style=\"color: #000000;\"><strong>5. Implementacija in podpora<\/strong>: Po uspe\u0161ni validaciji, poro\u010dila implementiramo v okolje stranke. Nudimo tudi stalno podporo in izobra\u017eevanje, da zagotovimo, da stranke maksimalno izkoristijo potencial Power BI poro\u010dil.<\/span><\/p><p><span style=\"color: #000000;\">Na\u0161 cilj je, da strankam omogo\u010dimo dostop do podatkov, ki jim pomagajo pri sprejemanju bolj\u0161ih poslovnih odlo\u010ditev in izbolj\u0161anju poslovne uspe\u0161nosti.<\/span><\/p>\t\t\t\t\t\t\t\t<\/div>\n\t\t\t\t<\/div>\n\t\t\t\t<div class=\"elementor-element elementor-element-0e9104f elementor-widget elementor-widget-rs-button\" data-id=\"0e9104f\" data-element_type=\"widget\" data-e-type=\"widget\" data-widget_type=\"rs-button.default\">\n\t\t\t\t<div class=\"elementor-widget-container\">\n\t\t\t\t\t\t\r\n\t\t\r\n\t\t\t\t\t<div class=\"rs-btn\">\r\n\t\t\t\t\t\t\t\t<a class=\"readon rs_button\" href=\"https:\/\/rosoft.si\/#contact\" >\t\t\t\t\r\n\t\t\t\t\t<span class=\"btn_text\">Kontakt<\/span>\r\n\t\t\t\t\t\t\t\t\t<\/a>\r\n\t\t\t<\/div> \r\n\t\t   \r\n\t\t\t\t\t<\/div>\n\t\t\t\t<\/div>\n\t\t\t\t\t<\/div>\n\t\t<\/div>\n\t\t\t\t\t<\/div>\n\t\t<\/section>\n\t\t<div class=\"elementor-element elementor-element-d135891 e-flex e-con-boxed e-con e-parent\" data-id=\"d135891\" data-element_type=\"container\" data-e-type=\"container\">\n\t\t\t\t\t<div class=\"e-con-inner\">\n\t\t\t\t\t<\/div>\n\t\t\t\t<\/div>\n\t\t\t\t<section class=\"elementor-section elementor-inner-section elementor-element elementor-element-ffe0176 elementor-section-full_width elementor-section-height-default elementor-section-height-default\" data-id=\"ffe0176\" data-element_type=\"section\" data-e-type=\"section\">\n\t\t\t\t\t\t<div class=\"elementor-container elementor-column-gap-default\">\n\t\t\t\t\t<div class=\"elementor-column elementor-col-25 elementor-inner-column elementor-element elementor-element-c11ceb1 animate-me\" data-id=\"c11ceb1\" data-element_type=\"column\" data-e-type=\"column\">\n\t\t\t<div class=\"elementor-widget-wrap elementor-element-populated\">\n\t\t\t\t\t\t<div class=\"elementor-element elementor-element-f10726f elementor-widget elementor-widget-rs-service-grid\" data-id=\"f10726f\" data-element_type=\"widget\" data-e-type=\"widget\" data-widget_type=\"rs-service-grid.default\">\n\t\t\t\t<div class=\"elementor-widget-container\">\n\t\t\t\t\t\t\t\r\n\t\t<div class=\" rs-addon-services services-style8 service_shape_ box_shadow_disable\">\r\n\t\t    <div class=\"services-part image-align-\">\r\n\t\t    \t\t\t\t    \t\t    \t\t\r\n\t\t    \t\r\n\t\t    \t\t\t\r\n\t\t    \t\t\t\t\t\t    \t\t\t<div class=\"services-icon  image \">\r\n\r\n\t\t\t\t\t    \t\t\r\n\t\t\t\t\t    \t\t\r\n\t\t\t\t\t    \t\t\t\t\t\t\t    \t\t\t<img decoding=\"async\" class=\"main-img\" src=\"https:\/\/rosoft.si\/wp-content\/uploads\/2024\/01\/it_rosoft-1.png\" alt=\"image\"\/>\r\n\t\t\t\t\t    \t\t\t\r\n\t\t\t\t\t    \t\t\t\t\t\t\t    \t\t\r\n\t\t\t\t    \t\t<\/div>\r\n\t\t\t    \t\t\r\n\r\n\t\t    \t\t\t    \t\t       \r\n\t\t\t    <div class=\"services-text\">\r\n\r\n\t\t\t    \t\r\n\t\t\t    \t\t\t    \t    \t\t\t    \t\t    \t<div class=\"services-title\">\t\t\t\t    \t\t\r\n\t\t    \t\t    \t\t\t\t\t\t\t    \t\t\t\t\t\t\t    \t\t\t\r\n\t\t    \t\t    \t\t<h3  class=\"title\"> <a href=\"https:\/\/rosoft.si\/index.php\/storitve\/it-upravljanje-2\/\"  >IT upravljanje in svetovanje<\/a><\/h3>\r\n\t\t    \t\t    \t\t\t\t\t\t    \t\t\r\n\t\t    \t\t    \t<\/div>\r\n\t\t    \t    \t\t\t\t\t    \r\n\t\t\t    \t\t\t\t    \t\t<p class=\"services-txt\">  Celovito upravljanje in monitoring naprav<\/p>\t\r\n\t\t\t    \t\t\r\n\r\n\r\n\r\n\t\t\t    \t\t    \t    \t\t\t    \t    \t\r\n\r\n\r\n\r\n\t\t\t    <\/div>\r\n\t\t\t<\/div>\r\n\t\t<\/div>\t\r\n\t\t\r\n\t\t\t\t\t<\/div>\n\t\t\t\t<\/div>\n\t\t\t\t\t<\/div>\n\t\t<\/div>\n\t\t\t\t<div class=\"elementor-column elementor-col-25 elementor-inner-column elementor-element elementor-element-d53ed28 animate-me\" data-id=\"d53ed28\" data-element_type=\"column\" data-e-type=\"column\">\n\t\t\t<div class=\"elementor-widget-wrap elementor-element-populated\">\n\t\t\t\t\t\t<div class=\"elementor-element elementor-element-b97d6b3 elementor-widget elementor-widget-rs-service-grid\" data-id=\"b97d6b3\" data-element_type=\"widget\" data-e-type=\"widget\" data-widget_type=\"rs-service-grid.default\">\n\t\t\t\t<div class=\"elementor-widget-container\">\n\t\t\t\t\t\t\t\r\n\t\t<div class=\" rs-addon-services services-style8 service_shape_ box_shadow_disable\">\r\n\t\t    <div class=\"services-part image-align-\">\r\n\t\t    \t\t\t\t    \t\t    \t\t\r\n\t\t    \t\r\n\t\t    \t\t\t\r\n\t\t    \t\t\t\t\t\t    \t\t\t<div class=\"services-icon  image \">\r\n\r\n\t\t\t\t\t    \t\t\r\n\t\t\t\t\t    \t\t\r\n\t\t\t\t\t    \t\t\t\t\t\t\t    \t\t\t<img decoding=\"async\" class=\"main-img\" src=\"https:\/\/rosoft.si\/wp-content\/uploads\/2024\/01\/softwar_rosoft.png\" alt=\"image\"\/>\r\n\t\t\t\t\t    \t\t\t\r\n\t\t\t\t\t    \t\t\t\t\t\t\t    \t\t\r\n\t\t\t\t    \t\t<\/div>\r\n\t\t\t    \t\t\r\n\r\n\t\t    \t\t\t    \t\t       \r\n\t\t\t    <div class=\"services-text\">\r\n\r\n\t\t\t    \t\r\n\t\t\t    \t\t\t    \t    \t\t\t    \t\t    \t<div class=\"services-title\">\t\t\t\t    \t\t\r\n\t\t    \t\t    \t\t\t\t\t\t\t    \t\t\t\t\t\t\t    \t\t\t\r\n\t\t    \t\t    \t\t<h3  class=\"title\"> <a href=\"https:\/\/rosoft.si\/index.php\/storitve\/razvoj-programske-opreme-2\/\"  >Razvoj programske opreme<\/a><\/h3>\r\n\t\t    \t\t    \t\t\t\t\t\t    \t\t\r\n\t\t    \t\t    \t<\/div>\r\n\t\t    \t    \t\t\t\t\t    \r\n\t\t\t    \t\t\t\t    \t\t<p class=\"services-txt\">  Razvoj aplikacij, integracij med sistemi <\/p>\t\r\n\t\t\t    \t\t\r\n\r\n\r\n\r\n\t\t\t    \t\t    \t    \t\t\t    \t    \t\r\n\r\n\r\n\r\n\t\t\t    <\/div>\r\n\t\t\t<\/div>\r\n\t\t<\/div>\t\r\n\t\t\r\n\t\t\t\t\t<\/div>\n\t\t\t\t<\/div>\n\t\t\t\t\t<\/div>\n\t\t<\/div>\n\t\t\t\t<div class=\"elementor-column elementor-col-25 elementor-inner-column elementor-element elementor-element-2001989 animate-me\" data-id=\"2001989\" data-element_type=\"column\" data-e-type=\"column\">\n\t\t\t<div class=\"elementor-widget-wrap elementor-element-populated\">\n\t\t\t\t\t\t<div class=\"elementor-element elementor-element-3662135 elementor-widget elementor-widget-rs-service-grid\" data-id=\"3662135\" data-element_type=\"widget\" data-e-type=\"widget\" data-widget_type=\"rs-service-grid.default\">\n\t\t\t\t<div class=\"elementor-widget-container\">\n\t\t\t\t\t\t\t\r\n\t\t<div class=\" rs-addon-services services-style8 service_shape_ box_shadow_disable\">\r\n\t\t    <div class=\"services-part image-align-\">\r\n\t\t    \t\t\t\t    \t\t    \t\t\r\n\t\t    \t\r\n\t\t    \t\t\t\r\n\t\t    \t\t\t\t\t\t    \t\t\t<div class=\"services-icon  image \">\r\n\r\n\t\t\t\t\t    \t\t\r\n\t\t\t\t\t    \t\t\r\n\t\t\t\t\t    \t\t\t\t\t\t\t    \t\t\t<img decoding=\"async\" class=\"main-img\" src=\"https:\/\/rosoft.si\/wp-content\/uploads\/2024\/01\/powerbi_rosoft.png\" alt=\"image\"\/>\r\n\t\t\t\t\t    \t\t\t\r\n\t\t\t\t\t    \t\t\t\t\t\t\t    \t\t\r\n\t\t\t\t    \t\t<\/div>\r\n\t\t\t    \t\t\r\n\r\n\t\t    \t\t\t    \t\t       \r\n\t\t\t    <div class=\"services-text\">\r\n\r\n\t\t\t    \t\r\n\t\t\t    \t\t\t    \t    \t\t\t    \t\t    \t<div class=\"services-title\">\t\t\t\t    \t\t\r\n\t\t    \t\t    \t\t\t\t\t\t\t    \t\t\t\t\t\t\t    \t\t\t\r\n\t\t    \t\t    \t\t<h3  class=\"title\"> <a href=\"https:\/\/rosoft.si\/index.php\/storitve\/poslovna-analitika-power-bi\/\"  >Poslovna analitika Power BI<\/a><\/h3>\r\n\t\t    \t\t    \t\t\t\t\t\t    \t\t\r\n\t\t    \t\t    \t<\/div>\r\n\t\t    \t    \t\t\t\t\t    \r\n\t\t\t    \t\t\t\t    \t\t<p class=\"services-txt\">  Kontrola in analiza u\u010dinkovitosti poslovanja<\/p>\t\r\n\t\t\t    \t\t\r\n\r\n\r\n\r\n\t\t\t    \t\t    \t    \t\t\t    \t    \t\r\n\r\n\r\n\r\n\t\t\t    <\/div>\r\n\t\t\t<\/div>\r\n\t\t<\/div>\t\r\n\t\t\r\n\t\t\t\t\t<\/div>\n\t\t\t\t<\/div>\n\t\t\t\t\t<\/div>\n\t\t<\/div>\n\t\t\t\t<div class=\"elementor-column elementor-col-25 elementor-inner-column elementor-element elementor-element-b29fc74 animate-me\" data-id=\"b29fc74\" data-element_type=\"column\" data-e-type=\"column\">\n\t\t\t<div class=\"elementor-widget-wrap elementor-element-populated\">\n\t\t\t\t\t\t<div class=\"elementor-element elementor-element-9b2d543 elementor-widget elementor-widget-rs-service-grid\" data-id=\"9b2d543\" data-element_type=\"widget\" data-e-type=\"widget\" data-widget_type=\"rs-service-grid.default\">\n\t\t\t\t<div class=\"elementor-widget-container\">\n\t\t\t\t\t\t\t\r\n\t\t<div class=\" rs-addon-services services-style8 service_shape_ box_shadow_disable\">\r\n\t\t    <div class=\"services-part image-align-\">\r\n\t\t    \t\t\t\t    \t\t    \t\t\r\n\t\t    \t\r\n\t\t    \t\t\t\r\n\t\t    \t\t\t\t\t\t    \t\t\t<div class=\"services-icon  image \">\r\n\r\n\t\t\t\t\t    \t\t\r\n\t\t\t\t\t    \t\t\r\n\t\t\t\t\t    \t\t\t\t\t\t\t    \t\t\t<img decoding=\"async\" class=\"main-img\" src=\"https:\/\/rosoft.si\/wp-content\/uploads\/2024\/01\/education_rosoft.png\" alt=\"image\"\/>\r\n\t\t\t\t\t    \t\t\t\r\n\t\t\t\t\t    \t\t\t\t\t\t\t    \t\t\r\n\t\t\t\t    \t\t<\/div>\r\n\t\t\t    \t\t\r\n\r\n\t\t    \t\t\t    \t\t       \r\n\t\t\t    <div class=\"services-text\">\r\n\r\n\t\t\t    \t\r\n\t\t\t    \t\t\t    \t    \t\t\t    \t\t    \t<div class=\"services-title\">\t\t\t\t    \t\t\r\n\t\t    \t\t    \t\t\t\t\t\t\t    \t\t\t\t\t\t\t    \t\t\t\r\n\t\t    \t\t    \t\t<h3  class=\"title\"> <a href=\"https:\/\/rosoft.si\/index.php\/storitve\/tehnicne-delavnice\/\"  >Tehni\u010dne delavnice <\/a><\/h3>\r\n\t\t    \t\t    \t\t\t\t\t\t    \t\t\r\n\t\t    \t\t    \t<\/div>\r\n\t\t    \t    \t\t\t\t\t    \r\n\t\t\t    \t\t\t\t    \t\t<p class=\"services-txt\">  Izobra\u017eevanja na temo informacijske tehnologije<\/p>\t\r\n\t\t\t    \t\t\r\n\r\n\r\n\r\n\t\t\t    \t\t    \t    \t\t\t    \t    \t\r\n\r\n\r\n\r\n\t\t\t    <\/div>\r\n\t\t\t<\/div>\r\n\t\t<\/div>\t\r\n\t\t\r\n\t\t\t\t\t<\/div>\n\t\t\t\t<\/div>\n\t\t\t\t\t<\/div>\n\t\t<\/div>\n\t\t\t\t\t<\/div>\n\t\t<\/section>\n\t\t<div class=\"elementor-element elementor-element-05e28e2 e-flex e-con-boxed e-con e-parent\" data-id=\"05e28e2\" data-element_type=\"container\" data-e-type=\"container\">\n\t\t\t\t\t<div class=\"e-con-inner\">\n\t\t\t\t\t<\/div>\n\t\t\t\t<\/div>\n\t\t\t\t<\/div>\n\t\t","protected":false},"excerpt":{"rendered":"<p>Power BI: Poslovna analitika in vizualizacija podatkov Poslovna analitika je klju\u010dna za uspe\u0161no poslovanje podjetja. Z orodjem Power BI vam pomagamo spremeniti podatke v dragocene informacije, ki so potrebne za sprejemanje poslovnih odlo\u010ditev. Zakaj izbrati Power BI? Pametne vizualizacije: Power BI omogo\u010da ustvarjanje pametnih vizualizacij, ki uporabnikom pomagajo hitro razumeti kompleksne podatke. Z uporabo naprednih&#8230;<\/p>\n","protected":false},"author":1,"featured_media":22083,"parent":11559,"menu_order":0,"comment_status":"closed","ping_status":"closed","template":"","meta":{"footnotes":""},"class_list":["post-22701","page","type-page","status-publish","has-post-thumbnail","hentry"],"rttpg_featured_image_url":{"full":["https:\/\/rosoft.si\/wp-content\/uploads\/2024\/02\/IMG_6487-e1730199664717.jpeg",933,432,false],"landscape":["https:\/\/rosoft.si\/wp-content\/uploads\/2024\/02\/IMG_6487-e1730199664717.jpeg",933,432,false],"portraits":["https:\/\/rosoft.si\/wp-content\/uploads\/2024\/02\/IMG_6487-e1730199664717.jpeg",933,432,false],"thumbnail":["https:\/\/rosoft.si\/wp-content\/uploads\/2024\/02\/IMG_6487-e1730199664717-150x150.jpeg",150,150,true],"medium":["https:\/\/rosoft.si\/wp-content\/uploads\/2024\/02\/IMG_6487-e1730199664717-300x139.jpeg",300,139,true],"large":["https:\/\/rosoft.si\/wp-content\/uploads\/2024\/02\/IMG_6487-e1730199559865-1024x447.jpeg",640,279,true],"rsaddon-team-round-style":["https:\/\/rosoft.si\/wp-content\/uploads\/2024\/02\/IMG_6487-e1730199664717-500x432.jpeg",500,432,true],"1536x1536":["https:\/\/rosoft.si\/wp-content\/uploads\/2024\/02\/IMG_6487-e1730199559865-1536x671.jpeg",1536,671,true],"2048x2048":["https:\/\/rosoft.si\/wp-content\/uploads\/2024\/02\/IMG_6487-e1730199664717.jpeg",933,432,false],"trp-custom-language-flag":["https:\/\/rosoft.si\/wp-content\/uploads\/2024\/02\/IMG_6487-e1730199664717-18x8.jpeg",18,8,true],"braintech_portfolio-slider":["https:\/\/rosoft.si\/wp-content\/uploads\/2024\/02\/IMG_6487-e1730199664717-520x432.jpeg",520,432,true],"braintech_portfolio-full-slider":["https:\/\/rosoft.si\/wp-content\/uploads\/2024\/02\/IMG_6487-e1730199559865-1400x650.jpeg",1400,650,true],"braintech_portfolios-slider":["https:\/\/rosoft.si\/wp-content\/uploads\/2024\/02\/IMG_6487-e1730199559865-1000x706.jpeg",1000,706,true],"braintech_blog-slider":["https:\/\/rosoft.si\/wp-content\/uploads\/2024\/02\/IMG_6487-e1730199664717-365x243.jpeg",365,243,true],"braintech_blog_long_height":["https:\/\/rosoft.si\/wp-content\/uploads\/2024\/02\/IMG_6487-e1730199664717-365x432.jpeg",365,432,true],"braintech_latest_blog_small":["https:\/\/rosoft.si\/wp-content\/uploads\/2024\/02\/IMG_6487-e1730199664717-255x157.jpeg",255,157,true],"braintech_latest_blog_medium":["https:\/\/rosoft.si\/wp-content\/uploads\/2024\/02\/IMG_6487-e1730199664717-340x270.jpeg",340,270,true],"braintech_image_slider_big":["https:\/\/rosoft.si\/wp-content\/uploads\/2024\/02\/IMG_6487-e1730199664717-860x432.jpeg",860,432,true],"braintech_blog-footer":["https:\/\/rosoft.si\/wp-content\/uploads\/2024\/02\/IMG_6487-e1730199664717-80x68.jpeg",80,68,true]},"rttpg_author":{"display_name":"admin","author_link":"https:\/\/rosoft.si\/author\/rosoft_admin\/"},"rttpg_comment":0,"rttpg_category":null,"rttpg_excerpt":"Power BI: Poslovna analitika in vizualizacija podatkov Poslovna analitika je klju\u010dna za uspe\u0161no poslovanje podjetja. Z orodjem Power BI vam pomagamo spremeniti podatke v dragocene informacije, ki so potrebne za sprejemanje poslovnih odlo\u010ditev. Zakaj izbrati Power BI? Pametne vizualizacije: Power BI omogo\u010da ustvarjanje pametnih vizualizacij, ki uporabnikom pomagajo hitro razumeti kompleksne podatke. Z uporabo naprednih...","_links":{"self":[{"href":"https:\/\/rosoft.si\/index.php\/wp-json\/wp\/v2\/pages\/22701","targetHints":{"allow":["GET"]}}],"collection":[{"href":"https:\/\/rosoft.si\/index.php\/wp-json\/wp\/v2\/pages"}],"about":[{"href":"https:\/\/rosoft.si\/index.php\/wp-json\/wp\/v2\/types\/page"}],"author":[{"embeddable":true,"href":"https:\/\/rosoft.si\/index.php\/wp-json\/wp\/v2\/users\/1"}],"replies":[{"embeddable":true,"href":"https:\/\/rosoft.si\/index.php\/wp-json\/wp\/v2\/comments?post=22701"}],"version-history":[{"count":35,"href":"https:\/\/rosoft.si\/index.php\/wp-json\/wp\/v2\/pages\/22701\/revisions"}],"predecessor-version":[{"id":23118,"href":"https:\/\/rosoft.si\/index.php\/wp-json\/wp\/v2\/pages\/22701\/revisions\/23118"}],"up":[{"embeddable":true,"href":"https:\/\/rosoft.si\/index.php\/wp-json\/wp\/v2\/pages\/11559"}],"wp:featuredmedia":[{"embeddable":true,"href":"https:\/\/rosoft.si\/index.php\/wp-json\/wp\/v2\/media\/22083"}],"wp:attachment":[{"href":"https:\/\/rosoft.si\/index.php\/wp-json\/wp\/v2\/media?parent=22701"}],"curies":[{"name":"wp","href":"https:\/\/api.w.org\/{rel}","templated":true}]}}